{"id":62,"date":"2020-06-08T03:54:14","date_gmt":"2020-06-08T03:54:14","guid":{"rendered":"https:\/\/cardioly-demo.pbminfotech.com\/demo1\/?page_id=13061"},"modified":"2025-07-15T15:40:41","modified_gmt":"2025-07-15T15:40:41","slug":"faq","status":"publish","type":"page","link":"https:\/\/www.180healthcaregroup.com\/en\/faq\/","title":{"rendered":"FAQ"},"content":{"rendered":"<div data-elementor-type=\"wp-page\" data-elementor-id=\"62\" class=\"elementor elementor-62\">\n\t\t\t\t\t\t<div class=\"elementor-section elementor-top-section elementor-element elementor-element-bbae943 elementor-section-full_width dsvy-col-stretched-none dsvy-bg-color-over-image elementor-section-height-default elementor-section-height-default\" data-id=\"bbae943\" data-element_type=\"section\" data-e-type=\"section\">\n\t\t\t\t\t\t<div class=\"elementor-container elementor-column-gap-no\">\n\t\t\t\t\t<div class=\"elementor-column elementor-col-100 elementor-top-column elementor-element elementor-element-2fa573c dsvy-bg-color-over-image\" data-id=\"2fa573c\" data-element_type=\"column\" data-e-type=\"column\">\n\t\t\t<div class=\"elementor-widget-wrap elementor-element-populated\">\n\t\t\t\t\t\t<div class=\"elementor-element elementor-element-8eb2086 dsvy-align-center elementor-widget elementor-widget-dsvy_heading\" data-id=\"8eb2086\" data-element_type=\"widget\" data-e-type=\"widget\" data-widget_type=\"dsvy_heading.default\">\n\t\t\t\t<div class=\"elementor-widget-container\">\n\t\t\t\t\t\t<div class=\"dsvy-heading-subheading center-align dsvy-reverse-heading-yes\"><h4 class=\"dsvy-element-subtitle\">\r\n\t\t\t\r\n\t\t\t\tSolutions\r\n\t\t\t\r\n\t\t\t<\/h4>\r\n\t\t<h2 class=\"dsvy-element-title\">\r\n\t\t\t\r\n\t\t\t\tFrequently Asked Questions\r\n\t\t\t\r\n\t\t\t<\/h2>\r\n\t\t<div class=\"dsvy-heading-desc\">We want you to feel informed and confident with our services. Here we answer the most common questions. If you have any other inquiries, contact us \u2014 we\u2019re here to help.<\/div><\/div>\t\t\t\t<\/div>\n\t\t\t\t<\/div>\n\t\t\t\t<div class=\"elementor-section elementor-inner-section elementor-element elementor-element-47bea72 dsvy-col-stretched-none dsvy-bg-color-over-image elementor-section-boxed elementor-section-height-default elementor-section-height-default\" data-id=\"47bea72\" data-element_type=\"section\" data-e-type=\"section\">\n\t\t\t\t\t\t<div class=\"elementor-container elementor-column-gap-default\">\n\t\t\t\t\t<div class=\"elementor-column elementor-col-50 elementor-inner-column elementor-element elementor-element-162b008 dsvy-bg-color-over-image\" data-id=\"162b008\" data-element_type=\"column\" data-e-type=\"column\">\n\t\t\t<div class=\"elementor-widget-wrap elementor-element-populated\">\n\t\t\t\t\t\t<div class=\"elementor-element elementor-element-47b8a09 dsvy-accordion-style1 elementor-widget elementor-widget-accordion\" data-id=\"47b8a09\" data-element_type=\"widget\" data-e-type=\"widget\" data-widget_type=\"accordion.default\">\n\t\t\t\t<div class=\"elementor-widget-container\">\n\t\t\t\t\t\t\t<div class=\"elementor-accordion\">\n\t\t\t\t\t\t\t<div class=\"elementor-accordion-item\">\n\t\t\t\t\t<div id=\"elementor-tab-title-7521\" class=\"elementor-tab-title\" data-tab=\"1\" role=\"button\" aria-controls=\"elementor-tab-content-7521\" aria-expanded=\"false\">\n\t\t\t\t\t\t\t\t\t\t\t\t\t<span class=\"elementor-accordion-icon elementor-accordion-icon-right\" aria-hidden=\"true\">\n\t\t\t\t\t\t\t\t\t\t\t\t\t\t\t<span class=\"elementor-accordion-icon-closed\"><i class=\"fas fa-plus\"><\/i><\/span>\n\t\t\t\t\t\t\t\t<span class=\"elementor-accordion-icon-opened\"><i class=\"fas fa-minus\"><\/i><\/span>\n\t\t\t\t\t\t\t\t\t\t\t\t\t\t<\/span>\n\t\t\t\t\t\t\t\t\t\t\t\t<a class=\"elementor-accordion-title\" tabindex=\"0\">How to acquire services?<\/a>\n\t\t\t\t\t<\/div>\n\t\t\t\t\t<div id=\"elementor-tab-content-7521\" class=\"elementor-tab-content elementor-clearfix\" data-tab=\"1\" role=\"region\" aria-labelledby=\"elementor-tab-title-7521\"><p class=\"translation-block\" data-start=\"161\" data-end=\"302\">You can easily contact us through our phone numbers in <strong data-start=\"248\" data-end=\"260\">Colombia<\/strong> and <strong data-start=\"263\" data-end=\"281\">United States<\/strong> at: (+57) 3105481921<\/p><p class=\"\" data-start=\"304\" data-end=\"385\">You can also write to us at any of our email addresses depending on your needs:<\/p><ul data-start=\"386\" data-end=\"555\"><li class=\"\" data-start=\"386\" data-end=\"441\"><p class=\"translation-block\" data-start=\"388\" data-end=\"441\"><strong data-start=\"388\" data-end=\"408\">General support:<\/strong> <a rel=\"noopener\" data-start=\"409\" data-end=\"439\" target=\"_self\">support@180healthcaregroup.com<\/a><\/p><\/li><li class=\"\" data-start=\"442\" data-end=\"491\"><p class=\"translation-block\" data-start=\"444\" data-end=\"491\"><strong data-start=\"444\" data-end=\"457\">Management:<\/strong> <a rel=\"noopener\" data-start=\"458\" data-end=\"489\" target=\"_self\">gerencia@180healthcaregroup.com<\/a><\/p><\/li><li class=\"\" data-start=\"492\" data-end=\"555\"><p class=\"translation-block\" data-start=\"494\" data-end=\"555\"><strong data-start=\"494\" data-end=\"520\">Commercial inquiries:<\/strong> <a rel=\"noopener\" data-start=\"521\" data-end=\"553\" target=\"_self\">comercial@180healthcaregroup.com<\/a><\/p><\/li><\/ul><p class=\"\" data-start=\"557\" data-end=\"697\">We are here to help you and provide the best possible service, with clear, timely, and personalized information. It will be a pleasure to assist you!<\/p><\/div>\n\t\t\t\t<\/div>\n\t\t\t\t\t\t\t<div class=\"elementor-accordion-item\">\n\t\t\t\t\t<div id=\"elementor-tab-title-7522\" class=\"elementor-tab-title\" data-tab=\"2\" role=\"button\" aria-controls=\"elementor-tab-content-7522\" aria-expanded=\"false\">\n\t\t\t\t\t\t\t\t\t\t\t\t\t<span class=\"elementor-accordion-icon elementor-accordion-icon-right\" aria-hidden=\"true\">\n\t\t\t\t\t\t\t\t\t\t\t\t\t\t\t<span class=\"elementor-accordion-icon-closed\"><i class=\"fas fa-plus\"><\/i><\/span>\n\t\t\t\t\t\t\t\t<span class=\"elementor-accordion-icon-opened\"><i class=\"fas fa-minus\"><\/i><\/span>\n\t\t\t\t\t\t\t\t\t\t\t\t\t\t<\/span>\n\t\t\t\t\t\t\t\t\t\t\t\t<a class=\"elementor-accordion-title\" tabindex=\"0\">How can I be sure of the quality of the treatments?<\/a>\n\t\t\t\t\t<\/div>\n\t\t\t\t\t<div id=\"elementor-tab-content-7522\" class=\"elementor-tab-content elementor-clearfix\" data-tab=\"2\" role=\"region\" aria-labelledby=\"elementor-tab-title-7522\"><p class=\"\" data-start=\"0\" data-end=\"354\">Our doctors and partner healthcare institutions strictly adhere to the highest quality standards and patient safety protocols. They work with state-of-the-art technology and have modern, well-equipped facilities, allowing us to guarantee safe, efficient, and reliable medical care in every procedure.<\/p><p class=\"\" data-start=\"356\" data-end=\"529\">In certain cases, and depending on the type of procedure, it is mandatory to acquire an <strong data-start=\"442\" data-end=\"452\">insurance policy<\/strong>that provides additional support and greater peace of mind throughout the entire process.<\/p><\/div>\n\t\t\t\t<\/div>\n\t\t\t\t\t\t\t<div class=\"elementor-accordion-item\">\n\t\t\t\t\t<div id=\"elementor-tab-title-7523\" class=\"elementor-tab-title\" data-tab=\"3\" role=\"button\" aria-controls=\"elementor-tab-content-7523\" aria-expanded=\"false\">\n\t\t\t\t\t\t\t\t\t\t\t\t\t<span class=\"elementor-accordion-icon elementor-accordion-icon-right\" aria-hidden=\"true\">\n\t\t\t\t\t\t\t\t\t\t\t\t\t\t\t<span class=\"elementor-accordion-icon-closed\"><i class=\"fas fa-plus\"><\/i><\/span>\n\t\t\t\t\t\t\t\t<span class=\"elementor-accordion-icon-opened\"><i class=\"fas fa-minus\"><\/i><\/span>\n\t\t\t\t\t\t\t\t\t\t\t\t\t\t<\/span>\n\t\t\t\t\t\t\t\t\t\t\t\t<a class=\"elementor-accordion-title\" tabindex=\"0\">What are the costs per treatment?<\/a>\n\t\t\t\t\t<\/div>\n\t\t\t\t\t<div id=\"elementor-tab-content-7523\" class=\"elementor-tab-content elementor-clearfix\" data-tab=\"3\" role=\"region\" aria-labelledby=\"elementor-tab-title-7523\"><p class=\"translation-block\">At <strong data-start=\"3\" data-end=\"28\">180\u00ba HealthCare Group<\/strong>, we have strategic partnerships that allow us to offer <strong data-start=\"89\" data-end=\"123\">highly competitive rates<\/strong>, with costs up to <strong data-start=\"160\" data-end=\"177\">40% lower<\/strong> than in other countries, without sacrificing quality or safety. Thanks to these alliances, we guarantee access to excellent medical services, with professional support and cutting-edge technology, at a fair and affordable price.<\/p><\/div>\n\t\t\t\t<\/div>\n\t\t\t\t\t\t\t<div class=\"elementor-accordion-item\">\n\t\t\t\t\t<div id=\"elementor-tab-title-7524\" class=\"elementor-tab-title\" data-tab=\"4\" role=\"button\" aria-controls=\"elementor-tab-content-7524\" aria-expanded=\"false\">\n\t\t\t\t\t\t\t\t\t\t\t\t\t<span class=\"elementor-accordion-icon elementor-accordion-icon-right\" aria-hidden=\"true\">\n\t\t\t\t\t\t\t\t\t\t\t\t\t\t\t<span class=\"elementor-accordion-icon-closed\"><i class=\"fas fa-plus\"><\/i><\/span>\n\t\t\t\t\t\t\t\t<span class=\"elementor-accordion-icon-opened\"><i class=\"fas fa-minus\"><\/i><\/span>\n\t\t\t\t\t\t\t\t\t\t\t\t\t\t<\/span>\n\t\t\t\t\t\t\t\t\t\t\t\t<a class=\"elementor-accordion-title\" tabindex=\"0\">How do I organize my trip to receive treatment?<\/a>\n\t\t\t\t\t<\/div>\n\t\t\t\t\t<div id=\"elementor-tab-content-7524\" class=\"elementor-tab-content elementor-clearfix\" data-tab=\"4\" role=\"region\" aria-labelledby=\"elementor-tab-title-7524\"><p class=\"translation-block\" data-start=\"0\" data-end=\"335\">At <strong data-start=\"3\" data-end=\"28\">180\u00ba HealthCare Group<\/strong>, we offer a <strong data-start=\"43\" data-end=\"105\">comprehensive solution for planning your medical trip<\/strong>, designed to provide you with comfort, safety, and peace of mind at all times. We provide professional guidance in organizing your flight itinerary and managing the documentation required for your entry into the country.<\/p><p class=\"\" data-start=\"337\" data-end=\"778\">Coordinamos tu <strong data-start=\"352\" data-end=\"380\">transporte y alojamiento<\/strong>At <strong data-start=\"3\" data-end=\"28\">180\u00ba HealthCare Group<\/strong>, we offer a <strong data-start=\"43\" data-end=\"105\">comprehensive solution for planning your medical trip<\/strong>, designed to provide you with comfort, safety, and peace of mind at all times. We provide professional guidance in organizing your flight itinerary and managing the documentation required for your entry into the country. <strong data-start=\"527\" data-end=\"557\">recepci\u00f3n en el aeropuerto<\/strong>, <strong data-start=\"559\" data-end=\"581\">traslados privados<\/strong> entre el alojamiento y las instituciones m\u00e9dicas, y, si lo requieres, <strong data-start=\"652\" data-end=\"711\">servicios de enfermer\u00eda con disponibilidad las 24 horas<\/strong>, para que tu recuperaci\u00f3n sea lo m\u00e1s segura y confortable posible.<\/p><\/div>\n\t\t\t\t<\/div>\n\t\t\t\t\t\t\t<div class=\"elementor-accordion-item\">\n\t\t\t\t\t<div id=\"elementor-tab-title-7525\" class=\"elementor-tab-title\" data-tab=\"5\" role=\"button\" aria-controls=\"elementor-tab-content-7525\" aria-expanded=\"false\">\n\t\t\t\t\t\t\t\t\t\t\t\t\t<span class=\"elementor-accordion-icon elementor-accordion-icon-right\" aria-hidden=\"true\">\n\t\t\t\t\t\t\t\t\t\t\t\t\t\t\t<span class=\"elementor-accordion-icon-closed\"><i class=\"fas fa-plus\"><\/i><\/span>\n\t\t\t\t\t\t\t\t<span class=\"elementor-accordion-icon-opened\"><i class=\"fas fa-minus\"><\/i><\/span>\n\t\t\t\t\t\t\t\t\t\t\t\t\t\t<\/span>\n\t\t\t\t\t\t\t\t\t\t\t\t<a class=\"elementor-accordion-title\" tabindex=\"0\">How is the recovery process?<\/a>\n\t\t\t\t\t<\/div>\n\t\t\t\t\t<div id=\"elementor-tab-content-7525\" class=\"elementor-tab-content elementor-clearfix\" data-tab=\"5\" role=\"region\" aria-labelledby=\"elementor-tab-title-7525\"><p class=\"translation-block\">Each medical procedure requires a <strong>specific length of stay<\/strong>, depending on its characteristics and the recovery process. That\u2019s why, before your trip, we schedule a <strong>virtual appointment with the specialist doctor<\/strong>, who will explain the treatment in detail, answer your questions, and indicate the <strong>estimated duration of stay<\/strong> needed to ensure safe care focused on your well-being. This prior guidance is key for planning your trip with peace of mind and confidence.<\/p><\/div>\n\t\t\t\t<\/div>\n\t\t\t\t\t\t\t\t<\/div>\n\t\t\t\t\t\t<\/div>\n\t\t\t\t<\/div>\n\t\t\t\t\t<\/div>\n\t\t<\/div>\n\t\t\t\t<div class=\"elementor-column elementor-col-50 elementor-inner-column elementor-element elementor-element-ae356aa dsvy-bg-color-over-image\" data-id=\"ae356aa\" data-element_type=\"column\" data-e-type=\"column\">\n\t\t\t<div class=\"elementor-widget-wrap elementor-element-populated\">\n\t\t\t\t\t\t<div class=\"elementor-element elementor-element-ccc8c0d dsvy-accordion-style1 elementor-widget elementor-widget-accordion\" data-id=\"ccc8c0d\" data-element_type=\"widget\" data-e-type=\"widget\" data-widget_type=\"accordion.default\">\n\t\t\t\t<div class=\"elementor-widget-container\">\n\t\t\t\t\t\t\t<div class=\"elementor-accordion\">\n\t\t\t\t\t\t\t<div class=\"elementor-accordion-item\">\n\t\t\t\t\t<div id=\"elementor-tab-title-2141\" class=\"elementor-tab-title\" data-tab=\"1\" role=\"button\" aria-controls=\"elementor-tab-content-2141\" aria-expanded=\"false\">\n\t\t\t\t\t\t\t\t\t\t\t\t\t<span class=\"elementor-accordion-icon elementor-accordion-icon-right\" aria-hidden=\"true\">\n\t\t\t\t\t\t\t\t\t\t\t\t\t\t\t<span class=\"elementor-accordion-icon-closed\"><i class=\"fas fa-plus\"><\/i><\/span>\n\t\t\t\t\t\t\t\t<span class=\"elementor-accordion-icon-opened\"><i class=\"fas fa-minus\"><\/i><\/span>\n\t\t\t\t\t\t\t\t\t\t\t\t\t\t<\/span>\n\t\t\t\t\t\t\t\t\t\t\t\t<a class=\"elementor-accordion-title\" tabindex=\"0\">Is it safe to travel to receive medical treatment?<\/a>\n\t\t\t\t\t<\/div>\n\t\t\t\t\t<div id=\"elementor-tab-content-2141\" class=\"elementor-tab-content elementor-clearfix\" data-tab=\"1\" role=\"region\" aria-labelledby=\"elementor-tab-title-2141\"><p class=\"translation-block\">Colombia\u2019s healthcare system has been recognized by the <strong>World Health Organization<\/strong> as one of the most efficient in the world, surpassing even countries like <strong>Canada, the United States, and Australia<\/strong>. This reputation is due to the quality of care, modern medical infrastructure, and the high level of training of its professionals.<\/p><p class=\"translation-block\">In the field of <strong>Plastic and Reconstructive Surgery<\/strong>, Colombia holds a prominent place internationally. The country has <strong>highly qualified and experienced doctors<\/strong>, many of whom have trained at renowned national and international institutions. Thanks to their advanced education and continuous updates in surgical techniques, Colombian plastic surgeons are considered among the best in <strong>Latin America<\/strong> and the world. This makes Colombia a reliable and attractive destination for those seeking safe, aesthetic, and high-quality results.<\/p><\/div>\n\t\t\t\t<\/div>\n\t\t\t\t\t\t\t<div class=\"elementor-accordion-item\">\n\t\t\t\t\t<div id=\"elementor-tab-title-2142\" class=\"elementor-tab-title\" data-tab=\"2\" role=\"button\" aria-controls=\"elementor-tab-content-2142\" aria-expanded=\"false\">\n\t\t\t\t\t\t\t\t\t\t\t\t\t<span class=\"elementor-accordion-icon elementor-accordion-icon-right\" aria-hidden=\"true\">\n\t\t\t\t\t\t\t\t\t\t\t\t\t\t\t<span class=\"elementor-accordion-icon-closed\"><i class=\"fas fa-plus\"><\/i><\/span>\n\t\t\t\t\t\t\t\t<span class=\"elementor-accordion-icon-opened\"><i class=\"fas fa-minus\"><\/i><\/span>\n\t\t\t\t\t\t\t\t\t\t\t\t\t\t<\/span>\n\t\t\t\t\t\t\t\t\t\t\t\t<a class=\"elementor-accordion-title\" tabindex=\"0\">Can I combine my treatment with tourist activities?<\/a>\n\t\t\t\t\t<\/div>\n\t\t\t\t\t<div id=\"elementor-tab-content-2142\" class=\"elementor-tab-content elementor-clearfix\" data-tab=\"2\" role=\"region\" aria-labelledby=\"elementor-tab-title-2142\"><p class=\"translation-block\" data-start=\"0\" data-end=\"340\">Of course, you can complement your treatment with unique tourist experiences in one of the most charming regions of the country. On <strong data-start=\"137\" data-end=\"160\">June 25, 2011<\/strong>, <strong data-start=\"165\" data-end=\"175\">UNESCO<\/strong> declared the <strong data-start=\"187\" data-end=\"216\">Coffee Cultural Landscape<\/strong> as a <strong data-start=\"222\" data-end=\"244\">World Heritage Site<\/strong>, highlighting not only the area\u2019s natural beauty but also its rich coffee-growing culture.<\/p><p class=\"translation-block\" data-start=\"342\" data-end=\"765\">The <strong data-start=\"345\" data-end=\"372\">Colombian Coffee Axis<\/strong> awaits you with green mountains, paths flanked by rivers and streams, and traditional architecture full of color and life. You can explore <strong data-start=\"514\" data-end=\"538\">emblematic towns<\/strong> with picturesque balconies and facades, visit coffee farms to enjoy a &lt;strong data-start=&quot;623&quot; d<\/p><p class=\"translation-block\" data-start=\"767\" data-end=\"1090\">In addition, you will have the opportunity to explore the <strong data-start=\"813\" data-end=\"834\">local gastronomy<\/strong>, discover regional folklore, and immerse yourself in a vibrant and welcoming culture. At <strong data-start=\"918\" data-end=\"943\">180\u00ba HealthCare Group<\/strong>, we help you integrate your medical treatment with moments of rest and discovery, so that your trip also becomes an unforgettable experience.<\/p><\/div>\n\t\t\t\t<\/div>\n\t\t\t\t\t\t\t<div class=\"elementor-accordion-item\">\n\t\t\t\t\t<div id=\"elementor-tab-title-2143\" class=\"elementor-tab-title\" data-tab=\"3\" role=\"button\" aria-controls=\"elementor-tab-content-2143\" aria-expanded=\"false\">\n\t\t\t\t\t\t\t\t\t\t\t\t\t<span class=\"elementor-accordion-icon elementor-accordion-icon-right\" aria-hidden=\"true\">\n\t\t\t\t\t\t\t\t\t\t\t\t\t\t\t<span class=\"elementor-accordion-icon-closed\"><i class=\"fas fa-plus\"><\/i><\/span>\n\t\t\t\t\t\t\t\t<span class=\"elementor-accordion-icon-opened\"><i class=\"fas fa-minus\"><\/i><\/span>\n\t\t\t\t\t\t\t\t\t\t\t\t\t\t<\/span>\n\t\t\t\t\t\t\t\t\t\t\t\t<a class=\"elementor-accordion-title\" tabindex=\"0\">How do I obtain my security policy?<\/a>\n\t\t\t\t\t<\/div>\n\t\t\t\t\t<div id=\"elementor-tab-content-2143\" class=\"elementor-tab-content elementor-clearfix\" data-tab=\"3\" role=\"region\" aria-labelledby=\"elementor-tab-title-2143\"><p class=\"translation-block\">It\u2019s very easy! Once you have confirmed your procedure with us, we will guide you step by step to acquire your <strong data-start=\"113\" data-end=\"143\">medical security policy<\/strong>. We will send you all the necessary information, including coverage options, requirements, and costs. In addition, we will be available to answer any questions you may have throughout the process, ensuring that you have the proper protection for your peace of mind before, during, and after the treatment.<\/p><\/div>\n\t\t\t\t<\/div>\n\t\t\t\t\t\t\t<div class=\"elementor-accordion-item\">\n\t\t\t\t\t<div id=\"elementor-tab-title-2144\" class=\"elementor-tab-title\" data-tab=\"4\" role=\"button\" aria-controls=\"elementor-tab-content-2144\" aria-expanded=\"false\">\n\t\t\t\t\t\t\t\t\t\t\t\t\t<span class=\"elementor-accordion-icon elementor-accordion-icon-right\" aria-hidden=\"true\">\n\t\t\t\t\t\t\t\t\t\t\t\t\t\t\t<span class=\"elementor-accordion-icon-closed\"><i class=\"fas fa-plus\"><\/i><\/span>\n\t\t\t\t\t\t\t\t<span class=\"elementor-accordion-icon-opened\"><i class=\"fas fa-minus\"><\/i><\/span>\n\t\t\t\t\t\t\t\t\t\t\t\t\t\t<\/span>\n\t\t\t\t\t\t\t\t\t\t\t\t<a class=\"elementor-accordion-title\" tabindex=\"0\">What postoperative follow-up do you offer?<\/a>\n\t\t\t\t\t<\/div>\n\t\t\t\t\t<div id=\"elementor-tab-content-2144\" class=\"elementor-tab-content elementor-clearfix\" data-tab=\"4\" role=\"region\" aria-labelledby=\"elementor-tab-title-2144\"><p class=\"translation-block\">Yes, we do! At <strong>180\u00ba HealthCare Group<\/strong>, we are committed to being with you even after your medical treatment has been completed. Our team of advisors provides <strong>continuous follow-up<\/strong> to ensure that your recovery progresses properly and to support you with any concerns you may have.<\/p><p class=\"translation-block\">In addition, the <strong>specialist in charge of your procedure<\/strong> will be available to provide the care you need, answering questions and accompanying you throughout your postoperative process. Our commitment is clear: <strong>to take care of you before, during, and after<\/strong> each healthcare service, because your well-being is our priority.<\/p><\/div>\n\t\t\t\t<\/div>\n\t\t\t\t\t\t\t\t<\/div>\n\t\t\t\t\t\t<\/div>\n\t\t\t\t<\/div>\n\t\t\t\t\t<\/div>\n\t\t<\/div>\n\t\t\t\t\t<\/div>\n\t\t<\/div>\n\t\t\t\t\t<\/div>\n\t\t<\/div>\n\t\t\t\t\t<\/div>\n\t\t<\/div>\n\t\t\t\t<\/div>","protected":false},"excerpt":{"rendered":"<p>Soluciones Preguntas frecuentes Queremos que te sientas informado y seguro con nuestros servicios. Aqu\u00ed respondemos a las preguntas m\u00e1s comunes. Si tienes alguna otra duda, cont\u00e1ctanos, estamos aqu\u00ed para ayudarte. \u00bfC\u00f3mo adquirir servicios? Puedes comunicarte con nosotros f\u00e1cilmente a trav\u00e9s de nuestros n\u00fameros de contacto en Colombia y Estados Unidos al: (+57) 3105481921 Tambi\u00e9n puedes escribirnos a cualquiera de nuestros correos seg\u00fan tu necesidad: Soporte general: support@180healthcaregroup.com Gerencia: gerencia@180healthcaregroup.com Consultas[&hellip;]<\/p>\n","protected":false},"author":1,"featured_media":0,"parent":0,"menu_order":10,"comment_status":"closed","ping_status":"closed","template":"","meta":{"_acf_changed":false,"footnotes":""},"class_list":["post-62","page","type-page","status-publish","hentry"],"acf":[],"_links":{"self":[{"href":"https:\/\/www.180healthcaregroup.com\/en\/wp-json\/wp\/v2\/pages\/62","targetHints":{"allow":["GET"]}}],"collection":[{"href":"https:\/\/www.180healthcaregroup.com\/en\/wp-json\/wp\/v2\/pages"}],"about":[{"href":"https:\/\/www.180healthcaregroup.com\/en\/wp-json\/wp\/v2\/types\/page"}],"author":[{"embeddable":true,"href":"https:\/\/www.180healthcaregroup.com\/en\/wp-json\/wp\/v2\/users\/1"}],"replies":[{"embeddable":true,"href":"https:\/\/www.180healthcaregroup.com\/en\/wp-json\/wp\/v2\/comments?post=62"}],"version-history":[{"count":66,"href":"https:\/\/www.180healthcaregroup.com\/en\/wp-json\/wp\/v2\/pages\/62\/revisions"}],"predecessor-version":[{"id":1536,"href":"https:\/\/www.180healthcaregroup.com\/en\/wp-json\/wp\/v2\/pages\/62\/revisions\/1536"}],"wp:attachment":[{"href":"https:\/\/www.180healthcaregroup.com\/en\/wp-json\/wp\/v2\/media?parent=62"}],"curies":[{"name":"wp","href":"https:\/\/api.w.org\/{rel}","templated":true}]}}